{"id":3113,"date":"2023-02-21T12:26:41","date_gmt":"2023-02-21T12:26:41","guid":{"rendered":"https:\/\/www.edgeworkspaces.com\/haftungsausschluss\/"},"modified":"2023-10-27T08:30:13","modified_gmt":"2023-10-27T08:30:13","slug":"haftungsausschluss","status":"publish","type":"page","link":"https:\/\/www.edgeworkspaces.com\/de\/haftungsausschluss\/","title":{"rendered":"Haftungsausschluss"},"content":{"rendered":"<h2>Haftungsausschluss<\/h2>\n<p>EDGE Workspaces ist eine hundertprozentige Tochtergesellschaft von EDGE.<\/p>\n<p>Trotz der st\u00e4ndigen Sorgfalt und Aufmerksamkeit, die EDGE bei der Zusammenstellung der Website walten l\u00e4sst, ist es m\u00f6glich, dass einige der ver\u00f6ffentlichten Informationen unvollst\u00e4ndig oder ungenau sind.<\/p>\n<p>Die Informationen auf edgeworkspaces.com werden h\u00e4ufig erg\u00e4nzt, und \u00c4nderungen k\u00f6nnen jederzeit mit sofortiger Wirkung und ohne vorherige Ank\u00fcndigung vorgenommen werden.<\/p>\n<p>Ein Besucher darf ohne vorherige schriftliche Genehmigung von EDGE keine urheberrechtlich gesch\u00fctzten Werke auf dieser Website (oder aus seinem eigenen Netz) ver\u00f6ffentlichen.<\/p>\n<p>EDGE kann nicht garantieren, dass die Informationen auf edgeworkspaces.com f\u00fcr den Zweck, f\u00fcr den sie konsultiert werden, geeignet sind.<\/p>\n<p>Alle Informationen werden in ihrem aktuellen Zustand und ohne jegliche (stillschweigende) Garantie f\u00fcr ihre Angemessenheit und Eignung f\u00fcr einen bestimmten Zweck oder anderes angeboten.<\/p>\n<p>EDGE haftet nicht f\u00fcr direkte Sch\u00e4den oder Folgesch\u00e4den jeglicher Art, die sich aus der Nutzung von edgeworkspaces.com, der Nutzung der \u00fcber diese Website abgerufenen Informationen oder der vor\u00fcbergehenden Unm\u00f6glichkeit, <a href=\"https:\/\/edge.tech\/\" target=\"_blank\" rel=\"noopener\">edgeworkspaces.com<\/a> zu konsultieren, ergeben oder in irgendeiner Weise damit zusammenh\u00e4ngen.<\/p>\n<p>Diese Website wird von EDGE in Zusammenarbeit mit <a href=\"https:\/\/www.dusver.nl\" target=\"_blank\" rel=\"noopener\">dusver studio<\/a> entwickelt. Wenn Sie Fragen zum Inhalt dieser Website haben, wenden Sie sich bitte an die Ansprechpartnerin von EDGE Marl\u00e8ne de Jong unter mdj@edge.tech. Wenn Sie Fragen zur Gestaltung und Entwicklung dieser Website haben, wenden Sie sich bitte an Sebastian Smeenk, den Sprecher von dusver, unter <a href=\"mailto:sebastian@dusver.nl\">sebastian@dusver.nl.<\/a><\/p>\n<p>Bei Fragen zu unserer Datenschutzpolitik kontaktieren Sie uns bitte \u00fcber <a href=\"mailto:privacy@edge.tech\">privacy@edge.tech.<\/a><\/p>\n<h2>Datenschutzbestimmungen<\/h2>\n<p>Dies ist die Datenschutzpolitik von EDGE Netherlands B.V., einer privaten Gesellschaft mit beschr\u00e4nkter Haftung nach niederl\u00e4ndischem Recht, die bei der Handelskammer unter der Nummer 24291656 eingetragen ist. EDGE hat seinen eingetragenen Sitz in Marten Meesweg 8, 3068 AV Rotterdam (&#8222;EDGE&#8220;). EDGE bietet nachhaltige, zukunftsweisende, gut durchdachte Geb\u00e4ude und Technologien, die die St\u00e4dte der Zukunft vorantreiben.<\/p>\n<p>EDGE erhebt Ihre personenbezogenen Daten \u00fcber <a href=\"https:\/\/edge.tech\/\" target=\"_blank\" rel=\"noopener\">edgeworkspaces.com<\/a> (&#8222;Website&#8220;) oder wenn Sie unsere Produkte und Dienstleistungen anderweitig in Anspruch nehmen. Diese Datenschutzerkl\u00e4rung soll Sie dar\u00fcber informieren, welche Art von Informationen EDGE \u00fcber die Website und seine Produkte und Dienstleistungen sammelt und zu welchen Zwecken diese Informationen verarbeitet werden (&#8222;Datenschutzerkl\u00e4rung&#8220;).<\/p>\n<h2>Was wir sammeln<\/h2>\n<p>Wenn Sie uns \u00fcber die Website kontaktieren, unsere Website besuchen oder unsere Produkte und Dienstleistungen anderweitig in Anspruch nehmen, k\u00f6nnen Sie uns Informationen \u00fcber sich selbst zur Verf\u00fcgung stellen, wie z. B. Ihren (Firmen-)Namen, Ihre E-Mail-Adresse und Ihre Telefonnummer, die Sie in Ihrer Nachricht angeben. Wenn Sie unsere Website besuchen, sammeln wir auch automatisch Informationen \u00fcber die Verwendung von Cookies, wie z.B. Ihre IP-Adresse, den Browsertyp, die von Ihnen besuchten Seiten sowie die Zeit und Dauer Ihres Besuchs.<\/p>\n<h2>Wie wir es verwenden<\/h2>\n<p>Wenn Sie sich entschlie\u00dfen, uns Ihre E-Mail-Adresse oder andere (indirekte) personenbezogene Daten zur Verf\u00fcgung zu stellen, werden wir diese Daten zur Beantwortung Ihrer Anfrage (Kommunikation und Kundendienst), zur Erf\u00fcllung eines mit Ihnen geschlossenen Vertrags oder f\u00fcr Marketingzwecke verwenden. Die Verarbeitung dieser Daten erfolgt auf der Grundlage eines von uns verfolgten berechtigten Interesses, d. h. zur Durchf\u00fchrung unserer normalen Gesch\u00e4ftst\u00e4tigkeiten, zur Erf\u00fcllung eines mit Ihnen geschlossenen Vertrags oder auf der Grundlage einer Einwilligung.<\/p>\n<p>Die von uns \u00fcber die Website gesammelten personenbezogenen Daten (Cookies) werden zur Verbesserung unserer Online-Dienste verwendet und k\u00f6nnen auch zur Erf\u00fcllung gesetzlicher und\/oder beh\u00f6rdlicher Anforderungen genutzt werden. In diesem Fall verarbeiten wir Ihre personenbezogenen Daten f\u00fcr Zwecke eines von uns verfolgten berechtigten Interesses, n\u00e4mlich f\u00fcr die Durchf\u00fchrung unserer normalen Gesch\u00e4ftst\u00e4tigkeiten, auf der Grundlage einer Einwilligung.<\/p>\n<p>Wenn Ihre personenbezogenen Daten auf der Grundlage eines von uns verfolgten berechtigten Interesses verarbeitet werden, k\u00f6nnen Sie Informationen \u00fcber die so genannte Abw\u00e4gungspr\u00fcfung erhalten, die durchgef\u00fchrt wurde, um die Berufung auf ein berechtigtes Interesse zu erm\u00f6glichen. Nachstehend finden Sie unsere Kontaktinformationen.<\/p>\n<p>Wir speichern Ihre personenbezogenen Daten so lange, wie es f\u00fcr die oben genannten Zwecke oder f\u00fcr sekund\u00e4re Zwecke im Einklang mit diesen Zwecken erforderlich ist.<\/p>\n<p>EDGE unterliegt einer strengen Vertraulichkeitspflicht in Bezug auf Ihre pers\u00f6nlichen Daten. Ohne Ihre Zustimmung wird EDGE die von Ihnen zur Verf\u00fcgung gestellten personenbezogenen Daten nicht an Dritte weitergeben, verkaufen, vermieten, verleihen oder offenlegen (z.B. f\u00fcr Direktmarketingzwecke), es sei denn, dies ist in dieser Datenschutzerkl\u00e4rung beschrieben:<\/p>\n<ul>\n<li>Wir sind dazu gesetzlich verpflichtet, weil wir Ihre pers\u00f6nlichen Daten offenlegen oder weitergeben m\u00fcssen, um einer gesetzlichen Verpflichtung nachzukommen; oder<\/li>\n<li>Einige unserer Unternehmen k\u00f6nnen umstrukturiert, gekauft oder verkauft werden. In diesem Fall m\u00fcssen Ihre personenbezogenen Daten m\u00f6glicherweise \u00fcbertragen werden, damit das neue oder \u00fcberlebende Unternehmen den betroffenen Kunden weiterhin einen kontinuierlichen Service bieten kann.<\/li>\n<\/ul>\n<p>Wir geben Ihre pers\u00f6nlichen Daten nicht an Dritte weiter.<\/p>\n<h2>Cookies<\/h2>\n<p>EDGE verwendet Cookies und \u00e4hnliche Techniken, wenn Sie mit dieser Website interagieren. Cookies sind kleine Dateien, die mit dieser Website verschickt und von Ihrem Browser auf Ihrem Ger\u00e4t abgelegt werden. Bei jedem weiteren Besuch dieser Website sucht der Browser nach Cookies und sendet die darin gespeicherten verf\u00fcgbaren Informationen an die Server dieser Website.<\/p>\n<p>EDGE verwendet die folgenden Arten von Cookies:<\/p>\n<ul>\n<li>Technisch notwendige Cookies<br \/>\nDiese Cookies sind unerl\u00e4sslich, damit Sie sich auf der Website bewegen und ihre Funktionen nutzen k\u00f6nnen, z. B. den Zugang zu sicheren Bereichen der Website. Ohne diese Cookies k\u00f6nnen die von Ihnen angeforderten Dienste nicht bereitgestellt werden.<\/li>\n<li>Analytische\/Leistungs-Cookies<br \/>\nDiese Cookies sammeln Informationen dar\u00fcber, wie Besucher die Website nutzen, z. B. welche Seiten sie am h\u00e4ufigsten besuchen und ob sie Fehlermeldungen von Webseiten erhalten. Alle Informationen, die diese Cookies sammeln, sind aggregiert. Diese Daten werden verwendet, um aggregierte und statistische Informationen \u00fcber die Nutzung der Website bereitzustellen und den Inhalt der Website zu verbessern, um Ihre Nutzererfahrung zu verbessern.<\/li>\n<li>Die Website verwendet auch Analyse-Cookies, die von Google Analytics (einschlie\u00dflich Google Tag Manager) platziert werden, um die Anzahl der Besuche und die Teile der Website zu messen, die bei den Besuchern der Website am beliebtesten sind, sowie f\u00fcr Benchmarking-Zwecke. Diese Daten werden verwendet, um aggregierte und statistische Informationen \u00fcber die Nutzung der Website bereitzustellen und den Inhalt der Website zu verbessern, um Ihre Nutzererfahrung zu verbessern. EDGE hat das Handbuch der niederl\u00e4ndischen Datenschutzbeh\u00f6rde befolgt, um sicherzustellen, dass Google Analytics auf eine datenschutzfreundliche Weise verwendet wird. Das bedeutet, dass EDGE Google angewiesen hat, die letzten drei Ziffern Ihrer IP-Adresse zu entfernen (&#8222;Anonymize IP&#8220;), und dass EDGE die Standardeinstellung zur Weitergabe von Daten an Google deaktiviert hat. Dar\u00fcber hinaus hat EDGE einen Datenverarbeitungsvertrag mit der Google Inc. abgeschlossen und EDGE verwendet keine anderen Google-Dienste in Verbindung mit den Google Analytics-Cookies.<\/li>\n<li>Funktionalit\u00e4t der Cookies<br \/>\nDiese Cookies k\u00f6nnen den Namen Ihres Browsers, den Typ Ihres Computers und technische Informationen \u00fcber die Art Ihrer Verbindung mit der Website, wie z. B. das Betriebssystem und den verwendeten Internetdienstanbieter und andere \u00e4hnliche Informationen, speichern. Diese Informationen werden verwendet, um die Navigation und Nutzung der Website technisch zu erleichtern. Dar\u00fcber hinaus k\u00f6nnen funktionale Cookies verwendet werden, um pers\u00f6nliche Einstellungen, wie z. B. die Sprache, zu speichern oder um Ihre Informationen f\u00fcr n\u00e4chste Besuche zu speichern, wenn Sie dies w\u00fcnschen. Die Informationen, die diese Cookies sammeln, werden anonymisiert und k\u00f6nnen Ihre Surfaktivit\u00e4ten auf anderen Websites nicht nachverfolgen.<\/li>\n<\/ul>\n<h2>Kontrolle\/L\u00f6schen von Cookies<\/h2>\n<p>Wenn Sie nicht m\u00f6chten, dass die von EDGE verwendeten Cookies auf Ihrem Computer gespeichert werden, oder wenn Sie die von EDGE verwendeten Cookies, die bereits gespeichert wurden, l\u00f6schen m\u00f6chten, k\u00f6nnen Sie diese Cookies \u00fcber Ihre Browsereinstellungen deaktivieren. Sie sind auch berechtigt, Ihre Zustimmung zur Verwendung der oben genannten Cookies durch EDGE jederzeit zu widerrufen. Wenn Sie Ihre Zustimmung zur Verwendung dieser Cookies durch EDGE widerrufen m\u00f6chten, k\u00f6nnen Sie Ihre Cookie-Einstellungen hier \u00e4ndern: <a href=\"http:\/\/www.youronlinechoices.com\/nl\/uw-advertentie-voorkeuren\" target=\"_blank\" rel=\"noopener\">youronlinechoices.com<\/a><\/p>\n<p>Wenn Sie die Cookies \u00fcber die Browsereinstellungen deaktivieren, funktionieren die Website oder bestimmte Teile der Website m\u00f6glicherweise nicht ordnungsgem\u00e4\u00df. Au\u00dferdem werden Ihnen m\u00f6glicherweise bestimmte personalisierte Funktionen nicht zur Verf\u00fcgung gestellt, so dass Sie m\u00f6glicherweise nicht alle Funktionen der Website in vollem Umfang nutzen k\u00f6nnen.<\/p>\n<p>Die Browser aller Ger\u00e4te, die Sie f\u00fcr die Nutzung oder den Zugriff auf die Website verwenden (z. B. auf Ihrem Smartphone, Tablet, Laptop usw.), m\u00fcssen an Ihre Cookie-Einstellungen angepasst werden. Wenn Sie weitere Informationen ben\u00f6tigen oder Hilfe bei der \u00c4nderung Ihrer Cookie-Einstellungen in Ihrem Browser, besuchen Sie bitte: <a href=\"http:\/\/www.allaboutcookies.org\/manage-cookies\" target=\"_blank\" rel=\"noopener\">allaboutcookies.org.<\/a><\/p>\n<h2>Links<\/h2>\n<p>Zu Ihrer Erleichterung haben wir Links zu bestimmten Websites Dritter bereitgestellt, einschlie\u00dflich, aber nicht beschr\u00e4nkt auf einige der Partnerschaften von EDGE. EDGE ist nicht verantwortlich oder haftbar f\u00fcr die Verarbeitung Ihrer personenbezogenen Daten \u00fcber diese Websites. Wenn Sie sich entscheiden, die Website eines Dritten zu besuchen, beachten Sie bitte, dass die Datenschutzpolitik des Dritten und nicht die von EDGE f\u00fcr Ihre Aktivit\u00e4ten und alle Informationen, die Sie w\u00e4hrend des Besuchs der Website des Dritten preisgeben, ma\u00dfgeblich ist. Wenn Sie Inhalte der Website \u00fcber soziale Medien weitergeben, sind Ihre personenbezogenen Daten f\u00fcr diejenigen sichtbar, die Ihre pers\u00f6nlichen Seiten auf diesen sozialen Medien besuchen. EDGE ist nicht verantwortlich oder haftbar f\u00fcr die Verarbeitung Ihrer personenbezogenen Daten \u00fcber solche Medien. Informationen \u00fcber die Verarbeitung personenbezogener Daten durch diese Websites\/Sozialen Medien und deren Verwendung von Cookies finden Sie in den Datenschutz- und Cookie-Richtlinien der betreffenden Websites\/Sozialen Medien.<\/p>\n<h2>Sicherheit<\/h2>\n<p>EDGE hat angemessene technische und organisatorische Sicherheitsma\u00dfnahmen getroffen, um Ihre personenbezogenen Daten vor Verlust, Missbrauch, Ver\u00e4nderung und\/oder Zerst\u00f6rung zu sch\u00fctzen. Obwohl wir angemessene Sorgfalt walten lassen, um die sichere \u00dcbertragung von Informationen zwischen Ihren Ger\u00e4ten und unseren Systemen zu gew\u00e4hrleisten, k\u00f6nnen wir die Sicherheit von Informationen, die uns \u00fcber das Internet \u00fcbermittelt werden, nicht sicherstellen oder garantieren. Weitere Informationen \u00fcber die Kommunikation mit EDGE und die Nutzung dieser Website finden Sie in unserem Haftungsausschluss.<\/p>\n<h2>\u00c4nderungen der Politik<\/h2>\n<p>Diese Datenschutzrichtlinie kann im Laufe der Zeit ge\u00e4ndert werden, um den gesetzlichen Bestimmungen zu entsprechen oder um unseren sich \u00e4ndernden Gesch\u00e4ftsanforderungen gerecht zu werden. Die aktuellste Datenschutzrichtlinie finden Sie auf unserer Website. Diese Datenschutzrichtlinie wurde zuletzt am 27. Oktober 2023 ge\u00e4ndert. Wir werden Sie in angemessener Weise \u00fcber alle relevanten \u00c4nderungen dieser Datenschutzrichtlinie informieren.<\/p>\n<h2>Ihre Rechte<\/h2>\n<ul>\n<li>Soweit die Verarbeitung personenbezogener Daten auf einer Einwilligung beruht (siehe oben), haben Sie das Recht, Ihre Einwilligung jederzeit zu widerrufen.<\/li>\n<li>Sie haben das Recht, Zugang zu Ihren pers\u00f6nlichen Daten zu verlangen. Auf diese Weise k\u00f6nnen Sie eine Kopie der personenbezogenen Daten erhalten, die wir \u00fcber Sie gespeichert haben.<\/li>\n<li>Sie haben das Recht, die Berichtigung der personenbezogenen Daten zu verlangen, die wir \u00fcber Sie gespeichert haben. So k\u00f6nnen Sie unvollst\u00e4ndige oder unrichtige Daten, die wir \u00fcber Sie gespeichert haben, korrigieren lassen.<\/li>\n<li>Sie haben das Recht, die Berichtigung der personenbezogenen Daten zu verlangen, die wir \u00fcber Sie gespeichert haben. So k\u00f6nnen Sie unvollst\u00e4ndige oder unrichtige Daten, die wir \u00fcber Sie gespeichert haben, korrigieren lassen.<\/li>\n<li>Sie haben das Recht, die L\u00f6schung Ihrer personenbezogenen Daten zu verlangen. Auf diese Weise k\u00f6nnen Sie uns auffordern, personenbezogene Daten zu l\u00f6schen oder zu entfernen, wenn die personenbezogenen Daten nicht mehr erforderlich sind, Sie Ihre Einwilligung widerrufen haben, Sie der Verarbeitung widersprochen haben, die personenbezogenen Daten unrechtm\u00e4\u00dfig verarbeitet wurden, die personenbezogenen Daten aufgrund einer rechtlichen Verpflichtung gel\u00f6scht werden m\u00fcssen oder wenn die personenbezogenen Daten im Zusammenhang mit dem Angebot von Diensten der Informationsgesellschaft erhoben wurden. Wir m\u00fcssen Ihrem Ersuchen nicht nachkommen, soweit die Verarbeitung zur Aus\u00fcbung des Rechts auf freie Meinungs\u00e4u\u00dferung und Information, zur Erf\u00fcllung einer rechtlichen Verpflichtung, die eine Verarbeitung erfordert, aus Gr\u00fcnden des \u00f6ffentlichen Interesses im Bereich der \u00f6ffentlichen Gesundheit, zu Archivierungszwecken oder zur Begr\u00fcndung, Aus\u00fcbung oder Verteidigung von Rechtsanspr\u00fcchen erforderlich ist.<\/li>\n<li>Sie haben das Recht, der Verarbeitung Ihrer personenbezogenen Daten zu widersprechen, wenn wir uns auf ein berechtigtes Interesse berufen. Soweit die Verarbeitung Ihrer personenbezogenen Daten zu Zwecken des Direktmarketings erfolgt, werden wir Ihrem Wunsch stets nachkommen. Bei der Verarbeitung zu anderen Zwecken werden wir die Verarbeitung ebenfalls einstellen, es sei denn, wir haben zwingende schutzw\u00fcrdige Gr\u00fcnde f\u00fcr die Verarbeitung, die Ihre Interessen, Rechte und Freiheiten \u00fcberwiegen oder die mit der Geltendmachung, Aus\u00fcbung oder Verteidigung von Rechtsanspr\u00fcchen im Zusammenhang stehen.<\/li>\n<li>Sie haben das Recht, die Einschr\u00e4nkung der Verarbeitung Ihrer personenbezogenen Daten zu verlangen, wenn die Richtigkeit der personenbezogenen Daten von Ihnen bestritten wird, damit der f\u00fcr die Verarbeitung Verantwortliche die Richtigkeit \u00fcberpr\u00fcfen kann, wenn die Verarbeitung unrechtm\u00e4\u00dfig ist und anstelle der L\u00f6schung eine Einschr\u00e4nkung verlangt wird, wenn der f\u00fcr die Verarbeitung Verantwortliche die personenbezogenen Daten nicht mehr ben\u00f6tigt, diese aber von Ihnen zur Geltendmachung, Aus\u00fcbung oder Verteidigung von Rechtsanspr\u00fcchen ben\u00f6tigt werden oder wenn Sie der Verarbeitung widersprochen haben.<\/li>\n<li>Sie haben das Recht, die \u00dcbermittlung Ihrer personenbezogenen Daten an Sie oder an einen Dritten zu verlangen (Recht auf Daten\u00fcbertragbarkeit). Wir stellen Ihnen oder einem von Ihnen ausgew\u00e4hlten Dritten Ihre personenbezogenen Daten in einem strukturierten, allgemein gebr\u00e4uchlichen und maschinenlesbaren Format zur Verf\u00fcgung. Beachten Sie, dass dieses Recht nur f\u00fcr automatisierte Informationen gilt, deren Verwendung Sie urspr\u00fcnglich zugestimmt haben, oder wenn wir die Informationen zur Erf\u00fcllung eines Vertrags mit Ihnen verwendet haben.<\/li>\n<li>Wir k\u00f6nnen Sie um bestimmte Informationen bitten, um Ihre Identit\u00e4t und Ihr Recht auf Zugang zu best\u00e4tigen und Ihnen die personenbezogenen Daten, die wir \u00fcber Sie gespeichert haben, zur Verf\u00fcgung zu stellen oder die von Ihnen gew\u00fcnschten \u00c4nderungen vorzunehmen.<\/li>\n<li>Die Aus\u00fcbung der oben genannten Rechte ist kostenlos und kann durch Kontaktaufnahme per E-Mail mit uns erfolgen. Nachstehend finden Sie unsere Kontaktinformationen. Wir werden Sie unverz\u00fcglich, auf jeden Fall aber innerhalb eines Monats nach Eingang des Antrags, \u00fcber die Weiterbehandlung des Antrags informieren. Je nach Komplexit\u00e4t der Anfrage und der Anzahl der Anfragen kann diese Frist um weitere zwei Monate verl\u00e4ngert werden. Wir werden Sie innerhalb eines Monats nach Eingang des Antrags \u00fcber eine solche Verl\u00e4ngerung informieren. Das geltende Recht kann uns erlauben oder vorschreiben, Ihre Anfrage abzulehnen. Wenn wir Ihnen keinen Zugang zu Ihren personenbezogenen Daten gew\u00e4hren k\u00f6nnen, werden wir Sie vorbehaltlich rechtlicher oder regulatorischer Einschr\u00e4nkungen \u00fcber die Gr\u00fcnde daf\u00fcr informieren.<\/li>\n<li>Wenn Ihre Anfragen offensichtlich unbegr\u00fcndet oder \u00fcbertrieben sind, insbesondere weil sie sich wiederholen, werden wir Ihnen entweder eine angemessene Geb\u00fchr in Rechnung stellen oder uns weigern, der Anfrage nachzukommen.<\/li>\n<li>Bei der Verarbeitung Ihrer personenbezogenen Daten machen wir keinen Gebrauch von der automatisierten Entscheidungsfindung.<\/li>\n<li>Zus\u00e4tzlich zu den oben genannten Rechten haben Sie jederzeit das Recht, eine Beschwerde bei einer Aufsichtsbeh\u00f6rde gem\u00e4\u00df den geltenden Datenschutzgesetzen einzureichen, insbesondere in dem EU-Mitgliedstaat, in dem Sie Ihren gew\u00f6hnlichen Aufenthalt oder Ihren Arbeitsplatz haben oder in dem ein mutma\u00dflicher Versto\u00df gegen die geltenden Datenschutzgesetze vorliegt. Wir w\u00fcrden es jedoch begr\u00fc\u00dfen, wenn wir Ihre Bedenken ausr\u00e4umen k\u00f6nnten, bevor Sie sich an die Aufsichtsbeh\u00f6rde wenden, und bitten Sie daher, uns vorher zu kontaktieren.<\/li>\n<\/ul>\n<h2>Kontakt<\/h2>\n<p>Wenn Sie Fragen oder Anregungen zu unseren Datenschutzpraktiken haben, k\u00f6nnen Sie uns gerne per E-Mail unter <a href=\"mailto:info@edge.tech\">info@edge.tech<\/a> kontaktieren.<\/p>\n","protected":false},"excerpt":{"rendered":"<p>Haftungsausschluss EDGE Workspaces ist eine hundertprozentige Tochtergesellschaft von EDGE. Trotz der st\u00e4ndigen Sorgfalt und Aufmerksamkeit, die EDGE bei der Zusammenstellung der Website walten l\u00e4sst, ist es m\u00f6glich, dass einige der ver\u00f6ffentlichten Informationen unvollst\u00e4ndig oder ungenau sind. Die Informationen auf edgeworkspaces.com werden h\u00e4ufig erg\u00e4nzt, und \u00c4nderungen k\u00f6nnen jederzeit mit sofortiger Wirkung und ohne vorherige Ank\u00fcndigung vorgenommen [&hellip;]<\/p>\n","protected":false},"author":1,"featured_media":0,"parent":0,"menu_order":0,"comment_status":"closed","ping_status":"closed","template":"","meta":{"_acf_changed":false,"content-type":"","footnotes":""},"categories":[],"tags":[],"class_list":["post-3113","page","type-page","status-publish","hentry"],"acf":[],"_links":{"self":[{"href":"https:\/\/www.edgeworkspaces.com\/de\/wp-json\/wp\/v2\/pages\/3113","targetHints":{"allow":["GET"]}}],"collection":[{"href":"https:\/\/www.edgeworkspaces.com\/de\/wp-json\/wp\/v2\/pages"}],"about":[{"href":"https:\/\/www.edgeworkspaces.com\/de\/wp-json\/wp\/v2\/types\/page"}],"author":[{"embeddable":true,"href":"https:\/\/www.edgeworkspaces.com\/de\/wp-json\/wp\/v2\/users\/1"}],"replies":[{"embeddable":true,"href":"https:\/\/www.edgeworkspaces.com\/de\/wp-json\/wp\/v2\/comments?post=3113"}],"version-history":[{"count":0,"href":"https:\/\/www.edgeworkspaces.com\/de\/wp-json\/wp\/v2\/pages\/3113\/revisions"}],"wp:attachment":[{"href":"https:\/\/www.edgeworkspaces.com\/de\/wp-json\/wp\/v2\/media?parent=3113"}],"wp:term":[{"taxonomy":"category","embeddable":true,"href":"https:\/\/www.edgeworkspaces.com\/de\/wp-json\/wp\/v2\/categories?post=3113"},{"taxonomy":"post_tag","embeddable":true,"href":"https:\/\/www.edgeworkspaces.com\/de\/wp-json\/wp\/v2\/tags?post=3113"}],"curies":[{"name":"wp","href":"https:\/\/api.w.org\/{rel}","templated":true}]}}